{"id":8351,"date":"2025-08-21T11:32:37","date_gmt":"2025-08-21T11:32:37","guid":{"rendered":"https:\/\/www.readpeak.com\/media-kit"},"modified":"2026-02-16T12:05:25","modified_gmt":"2026-02-16T12:05:25","slug":"media-kit","status":"publish","type":"page","link":"https:\/\/www.readpeak.com\/sv\/media-kit","title":{"rendered":"Mediekit"},"content":{"rendered":"\n<div class=\"wp-block-shed-hero-centered-image alignfull hero-centered-image\"><div class=\"hero-centered-image__inner\"><div class=\"hero-centered-image__heading\"><h1>Mediekit<\/h1><\/div><div class=\"hero-centered-image__copy\"><p>Ladda ner Readpeaks logotyp \u2013 eller v\u00e5r symbol.<br>Kontakta marketing@readpeak.com f\u00f6r andra f\u00f6rfr\u00e5gningar om material.<\/p><\/div><div class=\"hero-centered-image__buttons\"><div class=\"wp-block-button has-size-default\"><a href=\"https:\/\/www.readpeak.com\/app\/uploads\/2025\/08\/Readpeak-Logotype.zip\" class=\"wp-block-button__link wp-element-button undefined\"><span>Ladda ner logotyp<\/span><\/a><\/div><div class=\"wp-block-button has-size-default is-style-light\"><a href=\"https:\/\/www.readpeak.com\/app\/uploads\/2025\/08\/Readpeak-Symbol.zip\" class=\"wp-block-button__link wp-element-button \"><span>Ladda ner symbol<\/span><\/a><\/div><\/div><div class=\"hero-centered-image__images\"><div class=\"hero-centered-image__image\"><img decoding=\"async\" src=\"https:\/\/www.readpeak.com\/app\/uploads\/2025\/08\/logo-1.jpg\" alt=\"Mediekit\"><\/div><\/div><\/div><\/div>\n\n<div class=\"wp-block-group is-nowrap is-layout-flex wp-container-core-group-is-layout-ad2f72ca wp-block-group-is-layout-flex\"\/>\n","protected":false},"excerpt":{"rendered":"","protected":false},"author":8,"featured_media":8352,"parent":0,"menu_order":0,"comment_status":"closed","ping_status":"closed","template":"template-without-header.blade.php","meta":{"_acf_changed":false,"footnotes":""},"class_list":["post-8351","page","type-page","status-publish","has-post-thumbnail","hentry"],"acf":[],"yoast_head":"<!-- This site is optimized with the Yoast SEO Premium plugin v26.8 (Yoast SEO v26.8) - https:\/\/yoast.com\/product\/yoast-seo-premium-wordpress\/ -->\n<title>Mediakit - Readpeak<\/title>\n<meta name=\"description\" content=\"H\u00e4r kan ni hitta nedladdningsbara varum\u00e4rkestillg\u00e5ngar, inklusive Readpeaks logotyp. Kontakta marketing@readpeak.com f\u00f6r andra f\u00f6rfr\u00e5gningar om material.\" \/>\n<meta name=\"robots\" content=\"index, follow, max-snippet:-1, max-image-preview:large, max-video-preview:-1\" \/>\n<link rel=\"canonical\" href=\"https:\/\/www.readpeak.com\/sv\/media-kit\" \/>\n<meta property=\"og:locale\" content=\"sv_SE\" \/>\n<meta property=\"og:type\" content=\"article\" \/>\n<meta property=\"og:title\" content=\"Mediekit\" \/>\n<meta property=\"og:description\" content=\"H\u00e4r kan ni hitta nedladdningsbara varum\u00e4rkestillg\u00e5ngar, inklusive Readpeaks logotyp. Kontakta marketing@readpeak.com f\u00f6r andra f\u00f6rfr\u00e5gningar om material.\" \/>\n<meta property=\"og:url\" content=\"https:\/\/www.readpeak.com\/sv\/media-kit\" \/>\n<meta property=\"og:site_name\" content=\"Readpeak\" \/>\n<meta property=\"article:publisher\" content=\"https:\/\/www.facebook.com\/readpeak\" \/>\n<meta property=\"article:modified_time\" content=\"2026-02-16T12:05:25+00:00\" \/>\n<meta property=\"og:image\" content=\"https:\/\/www.readpeak.com\/app\/uploads\/2024\/09\/Readpeak_Post-Template_3x2.png\" \/>\n\t<meta property=\"og:image:width\" content=\"1620\" \/>\n\t<meta property=\"og:image:height\" content=\"1080\" \/>\n\t<meta property=\"og:image:type\" content=\"image\/png\" \/>\n<meta name=\"twitter:card\" content=\"summary_large_image\" \/>\n<script type=\"application\/ld+json\" class=\"yoast-schema-graph\">{\"@context\":\"https:\/\/schema.org\",\"@graph\":[{\"@type\":\"WebPage\",\"@id\":\"https:\/\/www.readpeak.com\/sv\/media-kit\",\"url\":\"https:\/\/www.readpeak.com\/sv\/media-kit\",\"name\":\"Mediakit - Readpeak\",\"isPartOf\":{\"@id\":\"https:\/\/www.readpeak.com\/sv#website\"},\"primaryImageOfPage\":{\"@id\":\"https:\/\/www.readpeak.com\/sv\/media-kit#primaryimage\"},\"image\":{\"@id\":\"https:\/\/www.readpeak.com\/sv\/media-kit#primaryimage\"},\"thumbnailUrl\":\"https:\/\/www.readpeak.com\/app\/uploads\/2024\/09\/Readpeak_Post-Template_3x2.png\",\"datePublished\":\"2025-08-21T11:32:37+00:00\",\"dateModified\":\"2026-02-16T12:05:25+00:00\",\"description\":\"H\u00e4r kan ni hitta nedladdningsbara varum\u00e4rkestillg\u00e5ngar, inklusive Readpeaks logotyp. Kontakta marketing@readpeak.com f\u00f6r andra f\u00f6rfr\u00e5gningar om material.\",\"breadcrumb\":{\"@id\":\"https:\/\/www.readpeak.com\/sv\/media-kit#breadcrumb\"},\"inLanguage\":\"sv-SE\",\"potentialAction\":[{\"@type\":\"ReadAction\",\"target\":[\"https:\/\/www.readpeak.com\/sv\/media-kit\"]}]},{\"@type\":\"ImageObject\",\"inLanguage\":\"sv-SE\",\"@id\":\"https:\/\/www.readpeak.com\/sv\/media-kit#primaryimage\",\"url\":\"https:\/\/www.readpeak.com\/app\/uploads\/2024\/09\/Readpeak_Post-Template_3x2.png\",\"contentUrl\":\"https:\/\/www.readpeak.com\/app\/uploads\/2024\/09\/Readpeak_Post-Template_3x2.png\",\"width\":1620,\"height\":1080},{\"@type\":\"BreadcrumbList\",\"@id\":\"https:\/\/www.readpeak.com\/sv\/media-kit#breadcrumb\",\"itemListElement\":[{\"@type\":\"ListItem\",\"position\":1,\"name\":\"Home\",\"item\":\"https:\/\/www.readpeak.com\/sv\"},{\"@type\":\"ListItem\",\"position\":2,\"name\":\"Mediekit\"}]},{\"@type\":\"WebSite\",\"@id\":\"https:\/\/www.readpeak.com\/sv#website\",\"url\":\"https:\/\/www.readpeak.com\/sv\",\"name\":\"Readpeak\",\"description\":\"Readpeak is one of the free fastest growing Native Advertising and content promotion platforms. With Readpeak you turn readers into customers and drive key conversions.\",\"publisher\":{\"@id\":\"https:\/\/www.readpeak.com\/sv#organization\"},\"potentialAction\":[{\"@type\":\"SearchAction\",\"target\":{\"@type\":\"EntryPoint\",\"urlTemplate\":\"https:\/\/www.readpeak.com\/sv?s={search_term_string}\"},\"query-input\":{\"@type\":\"PropertyValueSpecification\",\"valueRequired\":true,\"valueName\":\"search_term_string\"}}],\"inLanguage\":\"sv-SE\"},{\"@type\":\"Organization\",\"@id\":\"https:\/\/www.readpeak.com\/sv#organization\",\"name\":\"Readpeak\",\"url\":\"https:\/\/www.readpeak.com\/sv\",\"logo\":{\"@type\":\"ImageObject\",\"inLanguage\":\"sv-SE\",\"@id\":\"https:\/\/www.readpeak.com\/sv#\/schema\/logo\/image\/\",\"url\":\"https:\/\/www.readpeak.com\/app\/uploads\/2024\/09\/readpeak-fallback-square.jpg\",\"contentUrl\":\"https:\/\/www.readpeak.com\/app\/uploads\/2024\/09\/readpeak-fallback-square.jpg\",\"width\":1080,\"height\":1080,\"caption\":\"Readpeak\"},\"image\":{\"@id\":\"https:\/\/www.readpeak.com\/sv#\/schema\/logo\/image\/\"},\"sameAs\":[\"https:\/\/www.facebook.com\/readpeak\"],\"description\":\"If you're a marketer, we're in business. Register for free and create your first native advertising campaign in 15 minutes! ReadPeak is a content and product promotion platform designed to turn visitors into readers and readers into customers. By using the ReadPeak platform, you can advertise your content (website\u2019s blog and other marketing materials) and your products (web shop or landing pages) on top medias like The Independent, The Guardian and other news sources! Start by signing up and create your first campaign today. All you need is a link to your content and we do the rest for you. With ReadPeak\u2019s machine learning algorithms, all you have to do is choose your bid, your Media and then hit submit.\",\"telephone\":\"+358 40 6539996\"}]}<\/script>\n<!-- \/ Yoast SEO Premium plugin. -->","yoast_head_json":{"title":"Mediakit - Readpeak","description":"H\u00e4r kan ni hitta nedladdningsbara varum\u00e4rkestillg\u00e5ngar, inklusive Readpeaks logotyp. Kontakta marketing@readpeak.com f\u00f6r andra f\u00f6rfr\u00e5gningar om material.","robots":{"index":"index","follow":"follow","max-snippet":"max-snippet:-1","max-image-preview":"max-image-preview:large","max-video-preview":"max-video-preview:-1"},"canonical":"https:\/\/www.readpeak.com\/sv\/media-kit","og_locale":"sv_SE","og_type":"article","og_title":"Mediekit","og_description":"H\u00e4r kan ni hitta nedladdningsbara varum\u00e4rkestillg\u00e5ngar, inklusive Readpeaks logotyp. Kontakta marketing@readpeak.com f\u00f6r andra f\u00f6rfr\u00e5gningar om material.","og_url":"https:\/\/www.readpeak.com\/sv\/media-kit","og_site_name":"Readpeak","article_publisher":"https:\/\/www.facebook.com\/readpeak","article_modified_time":"2026-02-16T12:05:25+00:00","og_image":[{"width":1620,"height":1080,"url":"https:\/\/www.readpeak.com\/app\/uploads\/2024\/09\/Readpeak_Post-Template_3x2.png","type":"image\/png"}],"twitter_card":"summary_large_image","schema":{"@context":"https:\/\/schema.org","@graph":[{"@type":"WebPage","@id":"https:\/\/www.readpeak.com\/sv\/media-kit","url":"https:\/\/www.readpeak.com\/sv\/media-kit","name":"Mediakit - Readpeak","isPartOf":{"@id":"https:\/\/www.readpeak.com\/sv#website"},"primaryImageOfPage":{"@id":"https:\/\/www.readpeak.com\/sv\/media-kit#primaryimage"},"image":{"@id":"https:\/\/www.readpeak.com\/sv\/media-kit#primaryimage"},"thumbnailUrl":"https:\/\/www.readpeak.com\/app\/uploads\/2024\/09\/Readpeak_Post-Template_3x2.png","datePublished":"2025-08-21T11:32:37+00:00","dateModified":"2026-02-16T12:05:25+00:00","description":"H\u00e4r kan ni hitta nedladdningsbara varum\u00e4rkestillg\u00e5ngar, inklusive Readpeaks logotyp. Kontakta marketing@readpeak.com f\u00f6r andra f\u00f6rfr\u00e5gningar om material.","breadcrumb":{"@id":"https:\/\/www.readpeak.com\/sv\/media-kit#breadcrumb"},"inLanguage":"sv-SE","potentialAction":[{"@type":"ReadAction","target":["https:\/\/www.readpeak.com\/sv\/media-kit"]}]},{"@type":"ImageObject","inLanguage":"sv-SE","@id":"https:\/\/www.readpeak.com\/sv\/media-kit#primaryimage","url":"https:\/\/www.readpeak.com\/app\/uploads\/2024\/09\/Readpeak_Post-Template_3x2.png","contentUrl":"https:\/\/www.readpeak.com\/app\/uploads\/2024\/09\/Readpeak_Post-Template_3x2.png","width":1620,"height":1080},{"@type":"BreadcrumbList","@id":"https:\/\/www.readpeak.com\/sv\/media-kit#breadcrumb","itemListElement":[{"@type":"ListItem","position":1,"name":"Home","item":"https:\/\/www.readpeak.com\/sv"},{"@type":"ListItem","position":2,"name":"Mediekit"}]},{"@type":"WebSite","@id":"https:\/\/www.readpeak.com\/sv#website","url":"https:\/\/www.readpeak.com\/sv","name":"Readpeak","description":"Readpeak is one of the free fastest growing Native Advertising and content promotion platforms. With Readpeak you turn readers into customers and drive key conversions.","publisher":{"@id":"https:\/\/www.readpeak.com\/sv#organization"},"potentialAction":[{"@type":"SearchAction","target":{"@type":"EntryPoint","urlTemplate":"https:\/\/www.readpeak.com\/sv?s={search_term_string}"},"query-input":{"@type":"PropertyValueSpecification","valueRequired":true,"valueName":"search_term_string"}}],"inLanguage":"sv-SE"},{"@type":"Organization","@id":"https:\/\/www.readpeak.com\/sv#organization","name":"Readpeak","url":"https:\/\/www.readpeak.com\/sv","logo":{"@type":"ImageObject","inLanguage":"sv-SE","@id":"https:\/\/www.readpeak.com\/sv#\/schema\/logo\/image\/","url":"https:\/\/www.readpeak.com\/app\/uploads\/2024\/09\/readpeak-fallback-square.jpg","contentUrl":"https:\/\/www.readpeak.com\/app\/uploads\/2024\/09\/readpeak-fallback-square.jpg","width":1080,"height":1080,"caption":"Readpeak"},"image":{"@id":"https:\/\/www.readpeak.com\/sv#\/schema\/logo\/image\/"},"sameAs":["https:\/\/www.facebook.com\/readpeak"],"description":"If you're a marketer, we're in business. Register for free and create your first native advertising campaign in 15 minutes! ReadPeak is a content and product promotion platform designed to turn visitors into readers and readers into customers. By using the ReadPeak platform, you can advertise your content (website\u2019s blog and other marketing materials) and your products (web shop or landing pages) on top medias like The Independent, The Guardian and other news sources! Start by signing up and create your first campaign today. All you need is a link to your content and we do the rest for you. With ReadPeak\u2019s machine learning algorithms, all you have to do is choose your bid, your Media and then hit submit.","telephone":"+358 40 6539996"}]}},"_links":{"self":[{"href":"https:\/\/www.readpeak.com\/sv\/wp-json\/wp\/v2\/pages\/8351","targetHints":{"allow":["GET"]}}],"collection":[{"href":"https:\/\/www.readpeak.com\/sv\/wp-json\/wp\/v2\/pages"}],"about":[{"href":"https:\/\/www.readpeak.com\/sv\/wp-json\/wp\/v2\/types\/page"}],"author":[{"embeddable":true,"href":"https:\/\/www.readpeak.com\/sv\/wp-json\/wp\/v2\/users\/8"}],"replies":[{"embeddable":true,"href":"https:\/\/www.readpeak.com\/sv\/wp-json\/wp\/v2\/comments?post=8351"}],"version-history":[{"count":2,"href":"https:\/\/www.readpeak.com\/sv\/wp-json\/wp\/v2\/pages\/8351\/revisions"}],"predecessor-version":[{"id":8365,"href":"https:\/\/www.readpeak.com\/sv\/wp-json\/wp\/v2\/pages\/8351\/revisions\/8365"}],"wp:featuredmedia":[{"embeddable":true,"href":"https:\/\/www.readpeak.com\/sv\/wp-json\/wp\/v2\/media\/8352"}],"wp:attachment":[{"href":"https:\/\/www.readpeak.com\/sv\/wp-json\/wp\/v2\/media?parent=8351"}],"curies":[{"name":"wp","href":"https:\/\/api.w.org\/{rel}","templated":true}]}}