{"id":8090,"date":"2025-08-21T11:32:37","date_gmt":"2025-08-21T11:32:37","guid":{"rendered":"https:\/\/www.readpeak.com\/media-kit"},"modified":"2026-03-09T13:23:24","modified_gmt":"2026-03-09T13:23:24","slug":"media-kit","status":"publish","type":"page","link":"https:\/\/www.readpeak.com\/fr\/media-kit","title":{"rendered":"Media Kit"},"content":{"rendered":"\n<div class=\"wp-block-shed-hero-centered-image alignfull hero-centered-image\"><div class=\"hero-centered-image__inner\"><div class=\"hero-centered-image__heading\"><h1>Media Kit<\/h1><\/div><div class=\"hero-centered-image__copy\"><p>T\u00e9l\u00e9chargez le logotype Readpeak \u2014 ou notre symbole.<br>Contactez marketing@readpeak.com pour toute autre demande de ressources.<\/p><\/div><div class=\"hero-centered-image__buttons\"><div class=\"wp-block-button has-size-default\"><a href=\"https:\/\/www.readpeak.com\/app\/uploads\/2025\/08\/Readpeak-Logotype.zip\" class=\"wp-block-button__link wp-element-button undefined\"><span>T\u00e9l\u00e9chargez le logotype<\/span><\/a><\/div><div class=\"wp-block-button has-size-default is-style-light\"><a href=\"https:\/\/www.readpeak.com\/app\/uploads\/2025\/08\/Readpeak-Symbol.zip\" class=\"wp-block-button__link wp-element-button \"><span>T\u00e9l\u00e9chargez le symbole<\/span><\/a><\/div><\/div><div class=\"hero-centered-image__images\"><div class=\"hero-centered-image__image\"><img decoding=\"async\" src=\"https:\/\/www.readpeak.com\/app\/uploads\/2025\/08\/logo-1.jpg\" alt=\"Media Kit\"><\/div><\/div><\/div><\/div>\n\n<div class=\"wp-block-group is-nowrap is-layout-flex wp-container-core-group-is-layout-ad2f72ca wp-block-group-is-layout-flex\"><\/div>\n","protected":false},"excerpt":{"rendered":"","protected":false},"author":8,"featured_media":8091,"parent":0,"menu_order":0,"comment_status":"closed","ping_status":"closed","template":"template-without-header.blade.php","meta":{"_acf_changed":false,"footnotes":""},"class_list":["post-8090","page","type-page","status-publish","has-post-thumbnail","hentry"],"acf":[],"yoast_head":"<!-- This site is optimized with the Yoast SEO Premium plugin v26.8 (Yoast SEO v26.8) - https:\/\/yoast.com\/product\/yoast-seo-premium-wordpress\/ -->\n<title>Media Kit - Readpeak<\/title>\n<meta name=\"description\" content=\"Retrouvez ici les ressources de marque Readpeak : logotype, symbole et assets t\u00e9l\u00e9chargeables. Pour toute demande sp\u00e9cifique, contactez marketing@readpeak.com.\" \/>\n<meta name=\"robots\" content=\"index, follow, max-snippet:-1, max-image-preview:large, max-video-preview:-1\" \/>\n<link rel=\"canonical\" href=\"https:\/\/www.readpeak.com\/fr\/media-kit\" \/>\n<meta property=\"og:locale\" content=\"fr_FR\" \/>\n<meta property=\"og:type\" content=\"article\" \/>\n<meta property=\"og:title\" content=\"Media Kit\" \/>\n<meta property=\"og:description\" content=\"Retrouvez ici les ressources de marque Readpeak : logotype, symbole et assets t\u00e9l\u00e9chargeables. Pour toute demande sp\u00e9cifique, contactez marketing@readpeak.com.\" \/>\n<meta property=\"og:url\" content=\"https:\/\/www.readpeak.com\/fr\/media-kit\" \/>\n<meta property=\"og:site_name\" content=\"Readpeak\" \/>\n<meta property=\"article:publisher\" content=\"https:\/\/www.facebook.com\/readpeak\" \/>\n<meta property=\"article:modified_time\" content=\"2026-03-09T13:23:24+00:00\" \/>\n<meta property=\"og:image\" content=\"https:\/\/www.readpeak.com\/app\/uploads\/2024\/09\/Readpeak_Post-Template_3x2.png\" \/>\n\t<meta property=\"og:image:width\" content=\"1620\" \/>\n\t<meta property=\"og:image:height\" content=\"1080\" \/>\n\t<meta property=\"og:image:type\" content=\"image\/png\" \/>\n<meta name=\"twitter:card\" content=\"summary_large_image\" \/>\n<script type=\"application\/ld+json\" class=\"yoast-schema-graph\">{\"@context\":\"https:\/\/schema.org\",\"@graph\":[{\"@type\":\"WebPage\",\"@id\":\"https:\/\/www.readpeak.com\/fr\/media-kit\",\"url\":\"https:\/\/www.readpeak.com\/fr\/media-kit\",\"name\":\"Media Kit - Readpeak\",\"isPartOf\":{\"@id\":\"https:\/\/www.readpeak.com\/fr#website\"},\"primaryImageOfPage\":{\"@id\":\"https:\/\/www.readpeak.com\/fr\/media-kit#primaryimage\"},\"image\":{\"@id\":\"https:\/\/www.readpeak.com\/fr\/media-kit#primaryimage\"},\"thumbnailUrl\":\"https:\/\/www.readpeak.com\/app\/uploads\/2024\/09\/Readpeak_Post-Template_3x2.png\",\"datePublished\":\"2025-08-21T11:32:37+00:00\",\"dateModified\":\"2026-03-09T13:23:24+00:00\",\"description\":\"Retrouvez ici les ressources de marque Readpeak : logotype, symbole et assets t\u00e9l\u00e9chargeables. Pour toute demande sp\u00e9cifique, contactez marketing@readpeak.com.\",\"breadcrumb\":{\"@id\":\"https:\/\/www.readpeak.com\/fr\/media-kit#breadcrumb\"},\"inLanguage\":\"fr-FR\",\"potentialAction\":[{\"@type\":\"ReadAction\",\"target\":[\"https:\/\/www.readpeak.com\/fr\/media-kit\"]}]},{\"@type\":\"ImageObject\",\"inLanguage\":\"fr-FR\",\"@id\":\"https:\/\/www.readpeak.com\/fr\/media-kit#primaryimage\",\"url\":\"https:\/\/www.readpeak.com\/app\/uploads\/2024\/09\/Readpeak_Post-Template_3x2.png\",\"contentUrl\":\"https:\/\/www.readpeak.com\/app\/uploads\/2024\/09\/Readpeak_Post-Template_3x2.png\",\"width\":1620,\"height\":1080},{\"@type\":\"BreadcrumbList\",\"@id\":\"https:\/\/www.readpeak.com\/fr\/media-kit#breadcrumb\",\"itemListElement\":[{\"@type\":\"ListItem\",\"position\":1,\"name\":\"Home\",\"item\":\"https:\/\/www.readpeak.com\/fr\"},{\"@type\":\"ListItem\",\"position\":2,\"name\":\"Media Kit\"}]},{\"@type\":\"WebSite\",\"@id\":\"https:\/\/www.readpeak.com\/fr#website\",\"url\":\"https:\/\/www.readpeak.com\/fr\",\"name\":\"Readpeak\",\"description\":\"Readpeak is one of the free fastest growing Native Advertising and content promotion platforms. With Readpeak you turn readers into customers and drive key conversions.\",\"publisher\":{\"@id\":\"https:\/\/www.readpeak.com\/fr#organization\"},\"potentialAction\":[{\"@type\":\"SearchAction\",\"target\":{\"@type\":\"EntryPoint\",\"urlTemplate\":\"https:\/\/www.readpeak.com\/fr?s={search_term_string}\"},\"query-input\":{\"@type\":\"PropertyValueSpecification\",\"valueRequired\":true,\"valueName\":\"search_term_string\"}}],\"inLanguage\":\"fr-FR\"},{\"@type\":\"Organization\",\"@id\":\"https:\/\/www.readpeak.com\/fr#organization\",\"name\":\"Readpeak\",\"url\":\"https:\/\/www.readpeak.com\/fr\",\"logo\":{\"@type\":\"ImageObject\",\"inLanguage\":\"fr-FR\",\"@id\":\"https:\/\/www.readpeak.com\/fr#\/schema\/logo\/image\/\",\"url\":\"https:\/\/www.readpeak.com\/app\/uploads\/2024\/09\/readpeak-fallback-square.jpg\",\"contentUrl\":\"https:\/\/www.readpeak.com\/app\/uploads\/2024\/09\/readpeak-fallback-square.jpg\",\"width\":1080,\"height\":1080,\"caption\":\"Readpeak\"},\"image\":{\"@id\":\"https:\/\/www.readpeak.com\/fr#\/schema\/logo\/image\/\"},\"sameAs\":[\"https:\/\/www.facebook.com\/readpeak\"],\"description\":\"If you're a marketer, we're in business. Register for free and create your first native advertising campaign in 15 minutes! ReadPeak is a content and product promotion platform designed to turn visitors into readers and readers into customers. By using the ReadPeak platform, you can advertise your content (website\u2019s blog and other marketing materials) and your products (web shop or landing pages) on top medias like The Independent, The Guardian and other news sources! Start by signing up and create your first campaign today. All you need is a link to your content and we do the rest for you. With ReadPeak\u2019s machine learning algorithms, all you have to do is choose your bid, your Media and then hit submit.\",\"telephone\":\"+358 40 6539996\"}]}<\/script>\n<!-- \/ Yoast SEO Premium plugin. -->","yoast_head_json":{"title":"Media Kit - Readpeak","description":"Retrouvez ici les ressources de marque Readpeak : logotype, symbole et assets t\u00e9l\u00e9chargeables. Pour toute demande sp\u00e9cifique, contactez marketing@readpeak.com.","robots":{"index":"index","follow":"follow","max-snippet":"max-snippet:-1","max-image-preview":"max-image-preview:large","max-video-preview":"max-video-preview:-1"},"canonical":"https:\/\/www.readpeak.com\/fr\/media-kit","og_locale":"fr_FR","og_type":"article","og_title":"Media Kit","og_description":"Retrouvez ici les ressources de marque Readpeak : logotype, symbole et assets t\u00e9l\u00e9chargeables. Pour toute demande sp\u00e9cifique, contactez marketing@readpeak.com.","og_url":"https:\/\/www.readpeak.com\/fr\/media-kit","og_site_name":"Readpeak","article_publisher":"https:\/\/www.facebook.com\/readpeak","article_modified_time":"2026-03-09T13:23:24+00:00","og_image":[{"width":1620,"height":1080,"url":"https:\/\/www.readpeak.com\/app\/uploads\/2024\/09\/Readpeak_Post-Template_3x2.png","type":"image\/png"}],"twitter_card":"summary_large_image","schema":{"@context":"https:\/\/schema.org","@graph":[{"@type":"WebPage","@id":"https:\/\/www.readpeak.com\/fr\/media-kit","url":"https:\/\/www.readpeak.com\/fr\/media-kit","name":"Media Kit - Readpeak","isPartOf":{"@id":"https:\/\/www.readpeak.com\/fr#website"},"primaryImageOfPage":{"@id":"https:\/\/www.readpeak.com\/fr\/media-kit#primaryimage"},"image":{"@id":"https:\/\/www.readpeak.com\/fr\/media-kit#primaryimage"},"thumbnailUrl":"https:\/\/www.readpeak.com\/app\/uploads\/2024\/09\/Readpeak_Post-Template_3x2.png","datePublished":"2025-08-21T11:32:37+00:00","dateModified":"2026-03-09T13:23:24+00:00","description":"Retrouvez ici les ressources de marque Readpeak : logotype, symbole et assets t\u00e9l\u00e9chargeables. Pour toute demande sp\u00e9cifique, contactez marketing@readpeak.com.","breadcrumb":{"@id":"https:\/\/www.readpeak.com\/fr\/media-kit#breadcrumb"},"inLanguage":"fr-FR","potentialAction":[{"@type":"ReadAction","target":["https:\/\/www.readpeak.com\/fr\/media-kit"]}]},{"@type":"ImageObject","inLanguage":"fr-FR","@id":"https:\/\/www.readpeak.com\/fr\/media-kit#primaryimage","url":"https:\/\/www.readpeak.com\/app\/uploads\/2024\/09\/Readpeak_Post-Template_3x2.png","contentUrl":"https:\/\/www.readpeak.com\/app\/uploads\/2024\/09\/Readpeak_Post-Template_3x2.png","width":1620,"height":1080},{"@type":"BreadcrumbList","@id":"https:\/\/www.readpeak.com\/fr\/media-kit#breadcrumb","itemListElement":[{"@type":"ListItem","position":1,"name":"Home","item":"https:\/\/www.readpeak.com\/fr"},{"@type":"ListItem","position":2,"name":"Media Kit"}]},{"@type":"WebSite","@id":"https:\/\/www.readpeak.com\/fr#website","url":"https:\/\/www.readpeak.com\/fr","name":"Readpeak","description":"Readpeak is one of the free fastest growing Native Advertising and content promotion platforms. With Readpeak you turn readers into customers and drive key conversions.","publisher":{"@id":"https:\/\/www.readpeak.com\/fr#organization"},"potentialAction":[{"@type":"SearchAction","target":{"@type":"EntryPoint","urlTemplate":"https:\/\/www.readpeak.com\/fr?s={search_term_string}"},"query-input":{"@type":"PropertyValueSpecification","valueRequired":true,"valueName":"search_term_string"}}],"inLanguage":"fr-FR"},{"@type":"Organization","@id":"https:\/\/www.readpeak.com\/fr#organization","name":"Readpeak","url":"https:\/\/www.readpeak.com\/fr","logo":{"@type":"ImageObject","inLanguage":"fr-FR","@id":"https:\/\/www.readpeak.com\/fr#\/schema\/logo\/image\/","url":"https:\/\/www.readpeak.com\/app\/uploads\/2024\/09\/readpeak-fallback-square.jpg","contentUrl":"https:\/\/www.readpeak.com\/app\/uploads\/2024\/09\/readpeak-fallback-square.jpg","width":1080,"height":1080,"caption":"Readpeak"},"image":{"@id":"https:\/\/www.readpeak.com\/fr#\/schema\/logo\/image\/"},"sameAs":["https:\/\/www.facebook.com\/readpeak"],"description":"If you're a marketer, we're in business. Register for free and create your first native advertising campaign in 15 minutes! ReadPeak is a content and product promotion platform designed to turn visitors into readers and readers into customers. By using the ReadPeak platform, you can advertise your content (website\u2019s blog and other marketing materials) and your products (web shop or landing pages) on top medias like The Independent, The Guardian and other news sources! Start by signing up and create your first campaign today. All you need is a link to your content and we do the rest for you. With ReadPeak\u2019s machine learning algorithms, all you have to do is choose your bid, your Media and then hit submit.","telephone":"+358 40 6539996"}]}},"_links":{"self":[{"href":"https:\/\/www.readpeak.com\/fr\/wp-json\/wp\/v2\/pages\/8090","targetHints":{"allow":["GET"]}}],"collection":[{"href":"https:\/\/www.readpeak.com\/fr\/wp-json\/wp\/v2\/pages"}],"about":[{"href":"https:\/\/www.readpeak.com\/fr\/wp-json\/wp\/v2\/types\/page"}],"author":[{"embeddable":true,"href":"https:\/\/www.readpeak.com\/fr\/wp-json\/wp\/v2\/users\/8"}],"replies":[{"embeddable":true,"href":"https:\/\/www.readpeak.com\/fr\/wp-json\/wp\/v2\/comments?post=8090"}],"version-history":[{"count":9,"href":"https:\/\/www.readpeak.com\/fr\/wp-json\/wp\/v2\/pages\/8090\/revisions"}],"predecessor-version":[{"id":9218,"href":"https:\/\/www.readpeak.com\/fr\/wp-json\/wp\/v2\/pages\/8090\/revisions\/9218"}],"wp:featuredmedia":[{"embeddable":true,"href":"https:\/\/www.readpeak.com\/fr\/wp-json\/wp\/v2\/media\/8091"}],"wp:attachment":[{"href":"https:\/\/www.readpeak.com\/fr\/wp-json\/wp\/v2\/media?parent=8090"}],"curies":[{"name":"wp","href":"https:\/\/api.w.org\/{rel}","templated":true}]}}